{"id":4880,"date":"2023-12-08T14:01:19","date_gmt":"2023-12-08T14:01:19","guid":{"rendered":"https:\/\/laola-projekt.de\/?page_id=4880"},"modified":"2024-04-15T14:39:20","modified_gmt":"2024-04-15T14:39:20","slug":"datentransfervereinbarung","status":"publish","type":"page","link":"https:\/\/wp.laola-projekt.de\/?page_id=4880&lang=de","title":{"rendered":"Datentransfervereinbarung"},"content":{"rendered":"\n<p><strong>Zust\u00e4ndige Datensch\u00fctzer*innen<\/strong>\u00a0<\/p>\n\n\n\n<ol class=\"wp-block-list\" start=\"3\"><\/ol>\n\n\n\n<p>Datenschutzbeauftragter Carl von Ossietzky Universit\u00e4t Oldenburg (UOL):\u00a0\u00a0<\/p>\n\n\n\n<p>Ass. iur. Patrick R\u00fcscher<br>Tel.: 0441 798-4196\u00a0<br>E-Mail: dsuni@uol.de\u00a0<\/p>\n\n\n\n<p>Postanschrift<br>Carl von Ossietzky Universit\u00e4t Oldenburg\u00a0<br>Der Datenschutzbeauftragte<br>Ammerl\u00e4nder Heerstra\u00dfe 114-118<br>26129 Oldenburg<\/p>\n\n\n\n<p>Datenschutzbeauftragter Universit\u00e4t zu L\u00fcbeck (MOVE):\u00a0\u00a0<\/p>\n\n\n\n<p>x-tention Informationstechnologie GmbH<br>Margot-Becke-Ring 37\u00a0<br>69124 Heidelberg\u00a0<br>Tel.: +49 451 3101 1903\u00a0<br>E-Mail: datenschutz@uni-luebeck.de\u00a0<\/p>\n\n\n\n<p>Datenschutzbeauftragter ASCORA GmbH:\u00a0\u00a0<\/p>\n\n\n\n<p>Rafael Karbowski<br>Ascora GmbH<br>Birkenallee 43<br>27777 Ganderkesee<br>E-Mail: karbowski@ascora.de\u00a0<\/p>\n\n\n\n<p>Datenschutzbeauftragter PROLOG, Therapie- und Lernmittel GmbH:<br>\u00a0<br>Oliver Schmid\u00a0<br>ProLog, Therapie- und Lernmittel GmbH<br>Olpener Str. 59\u00a0<br>51103 K\u00f6ln\u00a0<br>Tel.: +49\u202f221 66091 1932<\/p>\n\n\n\n<p><\/p>\n\n\n\n<p><strong>Welcher Partner ist f\u00fcr welche Verarbeitungen mitverantwortlich im Sinne von Art. 26 Abs. 1 DSGVO<\/strong>\u00a0<\/p>\n\n\n\n<ol class=\"wp-block-list\" start=\"2\"><\/ol>\n\n\n\n<figure class=\"wp-block-table\"><table><tbody><tr><td>&nbsp;<\/td><td><strong>Verarbeitung Datenerhebung\u202f<\/strong>&nbsp;<\/td><td><strong>Verarbeitung<\/strong>&nbsp;<strong>\u202fRGB-D Videos<\/strong>&nbsp;<\/td><td><strong>Verarbeitung\u202f<\/strong>&nbsp;<strong>Audiorecordings Stimme<\/strong>&nbsp;<\/td><td><strong>Verarbeitung Klinische Parameter und Entscheidungsunterst\u00fctzung<\/strong>&nbsp;<\/td><td><strong>\u202fVerarbeitung Namen, Adressen, E-Mail-Adressen<\/strong>&nbsp;<\/td><\/tr><tr><td>Kurzbeschreibung der Verarbeitung&nbsp;<\/td><td>Datenerhebung der Ton-, Bild- und RGB-D Videoaufnahmen sowie der Medizinischen Frageb\u00f6gen und sonst. Daten auf dem Smartphone mittels LAOLA App auf Smartdevice und Datentransfer durch UOL, MOVE und ASCORA auf die durch ASCORA betriebenen LAOLA-Datenserver.&nbsp;<\/td><td>Die erhobenen RGB-D Bild- und Videodaten, Bildannotationen und Patientendaten werden jeweils \u00fcber nach dem Stand der Technik verschl\u00fcsselte Verbindung vom Datenserver von ASCORA f\u00fcr die Verarbeitung auf Datenserver von MOVE\u202f \u00fcbertragen: Auf Basis der Daten werden durch MOVE entsprechend Vorhaben Verfahren zur Analyse (z.B. Keypointdetektion und Facemeshberechnung) der physiologischen Bewegungsmerkmale extrahiert und auf dieser Basis die Korrektheit der Keypunkte\u202f zu Referenz- Annotationen ermittelt, sowie klinisch relevante Parameter aus diesen extrahiert und validiert. Hierf\u00fcr annotiert UOL vorab die Daten auf dem ASCORA Datenserver oder mittels standalone Software und beteiligt sich an der klinischen Interpretation der Ergebnisse. MOVE koordiniert die Erstellung des OpenAccess Datensatzes.&nbsp;<\/td><td>Die mit der LAOLA-App auf Smartdevices erhobenen und an den Datenserver von ASCORA \u00fcbermittelten Audio-Stimmdaten (der \u00dcbungsdurchf\u00fchrung) werden jeweils \u00fcber nach dem Stand der Technik verschl\u00fcsselte Verbindung vom Datenserver von ASCORA f\u00fcr die Verarbeitung auf Datenserver von PROLOG, MOVE und UOL \u00fcbertragen: Auf Basis der Daten werden durch alle drei gemeinsam Verfahren zur Analyse (z.B. Behauchheit, Heiserkeit, Rauhheit, Lautst\u00e4rke etc. ) extrahiert und mit Referenzannotationen verglichen. Ebenso werden klinisch relevante Parameter aus diesen extrahiert und validiert. Hierf\u00fcr annotiert UOL vorab\u202fdie Daten und beteiligt sich an der klinischen Interpretation der Ergebnisse.&nbsp;<\/td><td>Prozessierung der Datens\u00e4tze auf Rechnern von MOVE zur Entwicklung und Erprobung von Entscheidungsunterst\u00fctzungs-algorithmen zur Trainingsauswahl basierend auf den Fragebogendaten, und den aus der Verarbeitung RGB-D Videos und der Verarbeitung der Audiorecordings Stimme resultierenden interpretierten Daten. UOL und PROLOG beteiligen sich hinsichtlich der Auswahl der Indikatoren f\u00fcr die Eignung bestimmter Trainings und den zugeh\u00f6rigen Indikatoren bzw. bei der Score-Berechnung.&nbsp;<\/td><td>Erhebung und Speicherung von E-Mail-Adressen und Namen der Nutzer*innen der LAOLA App auf dem Datenserver von ASCORA.&nbsp;&nbsp;<\/td><\/tr><tr><td>Zweck der (Daten-)Verarbeitung&nbsp;<\/td><td>Datentransfer&nbsp;<\/td><td>Datentransfer und Datenanalyse im Sinne der Forschungsaufgabe RGB-D Videoanalyse zur Gesichts-K\u00f6rperspannung und korrekten \u00dcbungsausf\u00fchrung&nbsp;Erstellung eines OpenAccess Datensatzes&nbsp;<\/td><td>Datentransfer und Datenanalyse im Sinne der Forschungsaufgabe Stimmklang Analyse&nbsp;Erstellung eines OpenAccess Datensatzes&nbsp;<\/td><td>Datentransfer und Datenanalyse im Sinne der Forschungsaufgabe Entscheidungsunterst\u00fctzung Trainingsauswahl&nbsp;Erstellung eines OpenAccess Datensatzes&nbsp;&nbsp;<\/td><td>\u202fIdentifikation von Patient*innen durch Therapeut*innen&nbsp;Kontaktierung f\u00fcr weitere Aufnahmen und Studien&nbsp;<\/td><\/tr><tr><td colspan=\"6\"><strong>Verantwortliche:<\/strong>&nbsp;<strong>Wer sind f\u00fcr diese Verarbeitungen jeweils die gemeinsamen Verantwortlichen?<\/strong>&nbsp;<\/td><\/tr><tr><td>UOL\u202f&nbsp;&nbsp;<\/td><td>X&nbsp;<\/td><td>X\u202f&nbsp;<\/td><td>X&nbsp;<\/td><td>X\u202f&nbsp;<\/td><td>X\u202f&nbsp;<\/td><\/tr><tr><td>MOVE&nbsp;&nbsp;<\/td><td>X&nbsp;<\/td><td>X&nbsp;<\/td><td>X&nbsp;<\/td><td>X&nbsp;<\/td><td>&nbsp;<\/td><\/tr><tr><td>ASCORA&nbsp;&nbsp;<\/td><td>X\u202f&nbsp;<\/td><td>X&nbsp;<\/td><td>\u202fX&nbsp;&nbsp;<\/td><td>X&nbsp;<\/td><td>X\u202f&nbsp;&nbsp;<\/td><\/tr><tr><td>PROLOG&nbsp;<\/td><td>&nbsp;X\u202f&nbsp;&nbsp;<\/td><td>&nbsp;<\/td><td>X&nbsp;<\/td><td>X&nbsp;<\/td><td>X&nbsp;<\/td><\/tr><tr><td colspan=\"6\"><strong>Pflichten<\/strong><strong>:<\/strong>&nbsp;<strong>F\u00fcr welche der folgenden Pflichten ist bei welcher Verarbeitung welcher Verantwortliche zust\u00e4ndig?<\/strong>&nbsp;<\/td><\/tr><tr><td>Art. 13 Informationspflicht bei Erhebung personenbezogener Daten.&nbsp;<\/td><td>UOL, MOVE&nbsp;<\/td><td>UOL, MOVE&nbsp;<\/td><td>UOL, MOVE&nbsp;<\/td><td>UOL, MOVE&nbsp;<\/td><td>\u202fUOL, MOVE&nbsp;<\/td><\/tr><tr><td>Art. 14 Informationspflicht, wenn Daten nicht bei der betroffenen Person erhoben wurden.&nbsp;<\/td><td>UOL, MOVE, ASCORA, PROLOG&nbsp;<\/td><td>UOL, MOVE&nbsp;<\/td><td>UOL, MOVE, PROLOG&nbsp;<\/td><td>UOL, MOVE&nbsp;<\/td><td>UOL, ASCORA, PROLOG&nbsp;&nbsp;<\/td><\/tr><tr><td>Art. 15 Bearbeitung von Auskunftsverlangen&nbsp;<\/td><td>ASCORA&nbsp;<\/td><td>ASCORA, UOL, MOVE&nbsp;<\/td><td>UOL, MOVE, PROLOG, ASCORA&nbsp;&nbsp;<\/td><td>MOVE&nbsp;<\/td><td>ASCORA, PROLOG&nbsp;<\/td><\/tr><tr><td>Art. 16 Bearbeitung von Berichtigungsanfragen.&nbsp;<\/td><td>ASCORA&nbsp;<\/td><td>ASCORA, MOVE, UOL&nbsp;<\/td><td>PROLOG, ASCORA&nbsp;<\/td><td>MOVE&nbsp;<\/td><td>ASCORA, PROLOG&nbsp;&nbsp;<\/td><\/tr><tr><td>Art. 17 o. 18 Bearbeitungen von L\u00f6schbegehren oder Beschr\u00e4nkung der Verarbeitung und Art. 19 Mitteilung der L\u00f6schpflicht.&nbsp;<\/td><td>ASCORA&nbsp;<\/td><td>MOVE, UOL,&nbsp;&nbsp;<\/td><td>PROLOG, UOL,&nbsp;&nbsp;<\/td><td>UOL, MOVE, ASCORA,&nbsp;&nbsp;<\/td><td>ASCORA, PROLOG&nbsp;<\/td><\/tr><tr><td>Art. 20 Abwicklung von Herausgabeverlangen (Datenportabilit\u00e4t).&nbsp;<\/td><td>ASCORA&nbsp;<\/td><td>ASCORA, MOVE&nbsp;<\/td><td>ASCORA, PROLOG&nbsp;<\/td><td>MOVE&nbsp;<\/td><td>ASCORA, PROLOG&nbsp;<\/td><\/tr><tr><td>Art. 21 Bearbeitung von Widerspr\u00fcchen.&nbsp;<\/td><td>ASCORA&nbsp;<\/td><td>ASCORA&nbsp;<\/td><td>PROLOG , ASCORA,&nbsp;&nbsp;<\/td><td>PROLOG&nbsp;<\/td><td>ASCORA, PROLOG&nbsp;<\/td><\/tr><tr><td>Art. 24 Abs. 1 i.V. m. Art. 32 Festlegung der techn.-org. Ma\u00dfnahmen nach Risikoabsch\u00e4tzung und ggf. Datenschutzfolgeabsch\u00e4tzung (Art. 35) und&nbsp;<br>Konsultation einer Aufsichtsbeh\u00f6rde\/ \u00dcbermittlung der notwendigen&nbsp;<br>Informationen (Art. 36 (3)).&nbsp;<\/td><td>ASCORA&nbsp;<\/td><td>ASCORA&nbsp;<\/td><td>PROLOG&nbsp;<\/td><td>PROLOG&nbsp;<\/td><td>ASCORA, PROLOG&nbsp;<\/td><\/tr><tr><td>Art. 24 Abs. 1 Dokumentation der Auswahl der techn.-org. Ma\u00dfnahmen (als Nachweis).&nbsp;<\/td><td>ASCORA, PROLOG&nbsp;<\/td><td>ASCORA, MOVE&nbsp;<\/td><td>ASCORA, PROLOG&nbsp;<\/td><td>ASCORA, MOVE&nbsp;<\/td><td>ASCORA, PROLOG\u202f&nbsp;<\/td><\/tr><tr><td>Art. 24 Abs. 1 \u00dcberpr\u00fcfung und Aktualisierung der Ma\u00dfnahmen&nbsp;<\/td><td>ASCORA, PROLOG&nbsp;<\/td><td>ASCORA, MOVE&nbsp;<\/td><td>ASCORA, PROLOG&nbsp;<\/td><td>ASCORA, MOVE&nbsp;<\/td><td>ASCORA, PROLOG\u202f&nbsp;<\/td><\/tr><tr><td>Art. 26 \u2013 Bereitstellung des Wesentlichen der Vereinbarung der gemeinsamen Verantwortlichen&nbsp;<\/td><td>ASCORA&nbsp;<\/td><td>ASCORA&nbsp;<\/td><td>ASCORA&nbsp;<\/td><td>ASCORA&nbsp;<\/td><td>\u202fASCORA&nbsp;<\/td><\/tr><tr><td>Art. 28 Einschaltung von Auftragsverarbeitern bzw. Unterauftragsverarbeitern und deren \u00dcberpr\u00fcfung.&nbsp;<\/td><td>ASCORA&nbsp;<\/td><td>ASCORA, MOVE&nbsp;<\/td><td>ASCORA, PROLOG&nbsp;<\/td><td>ASCORA, PROLOG&nbsp;<\/td><td>ASCORA, PROLOG&nbsp;<\/td><\/tr><tr><td>Art. 30 F\u00fchrung des Verzeichnisses der Verarbeitungst\u00e4tigkeiten.&nbsp;<\/td><td>ASCORA&nbsp;<\/td><td>MOVE&nbsp;<\/td><td>ASCORA&nbsp;<\/td><td>MOVE&nbsp;<\/td><td>ASCORA, PROLOG&nbsp;<\/td><\/tr><tr><td>Art. 33, 34 Prozess bei meldepflichtigen Datenpannen.&nbsp;<\/td><td>ASCORA&nbsp;<\/td><td>ASCORA&nbsp;<\/td><td>ASCORA&nbsp;<\/td><td>ASCORA, PROLOG&nbsp;<\/td><td>ASCORA, PROLOG&nbsp;<\/td><\/tr><tr><td>Art. 37 Benennung eines Datenschutzbeauftragten.&nbsp;<\/td><td>UOL, MOVE, ASCORA, PROLOG&nbsp;<\/td><td>UOL, MOVE, ASCORA&nbsp;<\/td><td>UOL, MOVE, ASCORA, PROLOG&nbsp;<\/td><td>UOL, MOVE, ASCORA,\u202fPROLOG&nbsp;<\/td><td>ASCORA, PROLOG&nbsp;<\/td><\/tr><\/tbody><\/table><\/figure>\n","protected":false},"excerpt":{"rendered":"<p>Zust\u00e4ndige Datensch\u00fctzer*innen\u00a0 Datenschutzbeauftragter Carl von Ossietzky Universit\u00e4t Oldenburg (UOL):\u00a0\u00a0 Ass. iur. Patrick R\u00fcscherTel.: 0441 798-4196\u00a0E-Mail: dsuni@uol.de\u00a0 PostanschriftCarl von Ossietzky Universit\u00e4t Oldenburg\u00a0Der DatenschutzbeauftragteAmmerl\u00e4nder Heerstra\u00dfe 114-11826129 Oldenburg Datenschutzbeauftragter Universit\u00e4t zu L\u00fcbeck (MOVE):\u00a0\u00a0 x-tention Informationstechnologie GmbHMargot-Becke-Ring 37\u00a069124 Heidelberg\u00a0Tel.: +49 451 3101 1903\u00a0E-Mail: datenschutz@uni-luebeck.de\u00a0 Datenschutzbeauftragter ASCORA GmbH:\u00a0\u00a0 Rafael KarbowskiAscora GmbHBirkenallee 4327777 GanderkeseeE-Mail: karbowski@ascora.de\u00a0 Datenschutzbeauftragter PROLOG, Therapie- und Lernmittel GmbH:\u00a0Oliver&hellip; <br \/> <a class=\"read-more\" href=\"https:\/\/wp.laola-projekt.de\/?page_id=4880&#038;lang=de\">Read more<\/a><\/p>\n","protected":false},"author":1,"featured_media":0,"parent":0,"menu_order":0,"comment_status":"closed","ping_status":"closed","template":"","meta":{"footnotes":""},"class_list":["post-4880","page","type-page","status-publish","hentry"],"_links":{"self":[{"href":"https:\/\/wp.laola-projekt.de\/index.php?rest_route=\/wp\/v2\/pages\/4880","targetHints":{"allow":["GET"]}}],"collection":[{"href":"https:\/\/wp.laola-projekt.de\/index.php?rest_route=\/wp\/v2\/pages"}],"about":[{"href":"https:\/\/wp.laola-projekt.de\/index.php?rest_route=\/wp\/v2\/types\/page"}],"author":[{"embeddable":true,"href":"https:\/\/wp.laola-projekt.de\/index.php?rest_route=\/wp\/v2\/users\/1"}],"replies":[{"embeddable":true,"href":"https:\/\/wp.laola-projekt.de\/index.php?rest_route=%2Fwp%2Fv2%2Fcomments&post=4880"}],"version-history":[{"count":7,"href":"https:\/\/wp.laola-projekt.de\/index.php?rest_route=\/wp\/v2\/pages\/4880\/revisions"}],"predecessor-version":[{"id":5571,"href":"https:\/\/wp.laola-projekt.de\/index.php?rest_route=\/wp\/v2\/pages\/4880\/revisions\/5571"}],"wp:attachment":[{"href":"https:\/\/wp.laola-projekt.de\/index.php?rest_route=%2Fwp%2Fv2%2Fmedia&parent=4880"}],"curies":[{"name":"wp","href":"https:\/\/api.w.org\/{rel}","templated":true}]}}