{"id":4883,"date":"2023-12-08T08:31:51","date_gmt":"2023-12-08T08:31:51","guid":{"rendered":"https:\/\/laola-projekt.de\/?page_id=4883"},"modified":"2024-04-15T14:44:18","modified_gmt":"2024-04-15T14:44:18","slug":"data-transfer-agreement","status":"publish","type":"page","link":"https:\/\/wp.laola-projekt.de\/?page_id=4883&lang=en","title":{"rendered":"Data Transfer Agreement"},"content":{"rendered":"\n<p><strong>List of the responsible data protection officers<\/strong><\/p>\n\n\n\n<p>Data Protection Officer Carl von Ossietzky University of Oldenburg (UOL):<\/p>\n\n\n\n<p>Ass. iur. Patrick R\u00fcscher<br>Phone: 0441 798-4196<br>E-mail: dsuni@uol.de<br><\/p>\n\n\n\n<p>Postal address<br>Carl von Ossietzky University of Oldenburg<br>The Data Protection Officer<br>Ammerl\u00e4nder Heerstra\u00dfe 114-118<br>26129 Oldenburg\u00a0<\/p>\n\n\n\n<p>Data Protection Officer Universit\u00e4t zu L\u00fcbeck (MOVE):\u00a0\u00a0<\/p>\n\n\n\n<p>x-tention Informationstechnologie GmbH<br>Margot-Becke-Ring 37<br>69124 Heidelberg<br>Phone: +49 451 3101 1903<br>E-mail: datenschutz@uni-luebeck.de\u00a0<\/p>\n\n\n\n<p>Data Protection Officer ASCORA GmbH:<\/p>\n\n\n\n<p>Rafael Karbowski<br>Ascora GmbH<br>Birkenallee 43<br>27777 Ganderkesee<br>E-mail: karbowski@ascora.de\u00a0<\/p>\n\n\n\n<p>Data Protection Officer ProLog, Therapie- und Lernmittel GmbH:\u00a0\u00a0<\/p>\n\n\n\n<p>Oliver Schmid<br>ProLog, Therapie- und Lernmittel GmbH\u00a0<br>Olpener Str. 59<br>51103 Cologne<br>Phone: +49 221 66091 1932<\/p>\n\n\n\n<p><strong>Which partner is jointly responsible for which processing operations within the meaning of Art. 26 para. 1 GDPR?<\/strong>\u00a0<\/p>\n\n\n\n<figure class=\"wp-block-table\"><table><tbody><tr><td>&nbsp;<\/td><td><strong>Processing<\/strong>&nbsp;<strong>Data collection\u202f<\/strong>&nbsp;<\/td><td><strong>Processing<\/strong>&nbsp;<strong>\u202fRGB-D Videos<\/strong>&nbsp;<\/td><td><strong>Processing<\/strong>&nbsp;<strong>Audiorecordings voice<\/strong>&nbsp;<\/td><td><strong>Processing Clinical parameters and decision support<\/strong>&nbsp;<\/td><td><strong>\u202fProcessing names, addresses, e-mail addresses<\/strong>&nbsp;<\/td><\/tr><tr><td>Description of the processing&nbsp;<\/td><td>Data collection of the audio, image and RGB-D video recordings as well as the medical questionnaires and other data on the smartphone using the LAOLA app on a smart device. Data on the smartphone using the LAOLA app on the smart device and data transfer by UOL, MOVE and ASCORA to the LAOLA data servers operated by ASCORA.&nbsp;<\/td><td>The collected RGB-D image and video data, image annotations and patient data are transferred from ASCORA&#8217;s data server to MOVE&#8217;s data server for processing via a state-of-the-art encrypted connection: On the basis of the data, MOVE extracts the physiological movement characteristics according to projects for analysis (e.g. keypoint detection and facemesh calculation) and on this basis determines the correctness of the keypoints to reference annotations, as well as extracts and validates clinically relevant parameters from them. For this purpose, UOL annotates the data in advance on the ASCORA data server or using standalone software and participates in the clinical interpretation of the results. MOVE coordinates the creation of the OpenAccess dataset.&nbsp;<\/td><td>The audio voice data collected with the LAOLA app on smart devices and transmitted to the ASCORA data server (of the exercise performance) is transferred from the ASCORA data server to the PROLOG, MOVE and UOL data servers for processing via a state-of-the-art encrypted connection: Based on the data, all three jointly extract methods for analysis (e.g. breathiness, hoarseness, roughness, loudness, etc.) and compare them with reference annotations. Clinically relevant parameters are also extracted from these and validated. For this purpose, UOL annotates the data in advance and participates in the clinical interpretation of the results.&nbsp;<\/td><td>Processing of the data sets on MOVE computers to develop and test decision support algorithms for training selection based on the questionnaire data, and the interpreted data resulting from the processing of RGB-D videos and the processing of the audio recordings voice. UOL and PROLOG are involved in the selection of indicators for the suitability of certain trainings and the associated indicators and score calculation.&nbsp;<\/td><td>Collection and storage of e-mail addresses and names of LAOLA app users on the ASCORA data server.&nbsp;<\/td><\/tr><tr><td>Purpose of the (data) processing&nbsp;<\/td><td>Data transfer&nbsp;<\/td><td>Data transfer and data analysis in the sense of the research task RGB-D video analysis for facial-body tension and correct exercise execution&nbsp;Creation of an OpenAccess data set&nbsp;<\/td><td>Data transfer and data analysis in the sense of the research task of vocal sound analysis&nbsp;Creation of an OpenAccess data set&nbsp;<\/td><td>Data transfer and data analysis in terms of the research task of decision support for training selection&nbsp;Creation of an OpenAccess data set&nbsp;<\/td><td>Identification of patients by therapists&nbsp;Contacting for further recordings and studies&nbsp;<\/td><\/tr><tr><td colspan=\"6\"><strong>Responsible parties: <\/strong><strong>Who are the joint controllers for each of these processing operations?<\/strong>&nbsp;<\/td><\/tr><tr><td>UOL\u202f&nbsp;&nbsp;<\/td><td>X&nbsp;<\/td><td>X\u202f&nbsp;<\/td><td>X&nbsp;<\/td><td>X\u202f&nbsp;<\/td><td>X\u202f&nbsp;<\/td><\/tr><tr><td>MOVE&nbsp;&nbsp;<\/td><td>X&nbsp;<\/td><td>X&nbsp;<\/td><td>X&nbsp;<\/td><td>X&nbsp;<\/td><td>&nbsp;<\/td><\/tr><tr><td>ASCORA&nbsp;&nbsp;<\/td><td>X\u202f&nbsp;<\/td><td>X&nbsp;<\/td><td>\u202fX&nbsp;&nbsp;<\/td><td>X&nbsp;<\/td><td>X\u202f&nbsp;&nbsp;<\/td><\/tr><tr><td>PROLOG&nbsp;<\/td><td>&nbsp;X\u202f&nbsp;&nbsp;<\/td><td>&nbsp;<\/td><td>X&nbsp;<\/td><td>X&nbsp;<\/td><td>X&nbsp;<\/td><\/tr><tr><td colspan=\"6\"><strong>Obligations: <\/strong><strong>Which controller is responsible for which of the following obligations for which processing?<\/strong>&nbsp;<\/td><\/tr><tr><td>Art. 13 Duty to provide information when collecting personal data.&nbsp;<\/td><td>UOL, MOVE&nbsp;<\/td><td>UOL, MOVE&nbsp;<\/td><td>UOL, MOVE&nbsp;<\/td><td>UOL, MOVE&nbsp;<\/td><td>\u202fUOL, MOVE&nbsp;<\/td><\/tr><tr><td>Art. 14 Duty to provide information if data was not collected from the data subject.&nbsp;<\/td><td>UOL, MOVE, ASCORA, PROLOG&nbsp;<\/td><td>UOL, MOVE&nbsp;<\/td><td>UOL, MOVE, PROLOG&nbsp;<\/td><td>UOL, MOVE&nbsp;<\/td><td>UOL, ASCORA, PROLOG&nbsp;&nbsp;<\/td><\/tr><tr><td>Art. 15 Processing of requests for information.&nbsp;<\/td><td>ASCORA&nbsp;<\/td><td>ASCORA, UOL, MOVE&nbsp;<\/td><td>UOL, MOVE, PROLOG, ASCORA&nbsp;&nbsp;<\/td><td>MOVE&nbsp;<\/td><td>ASCORA, PROLOG&nbsp;<\/td><\/tr><tr><td>Art. 16 Processing of rectification requests.&nbsp;<\/td><td>ASCORA&nbsp;<\/td><td>ASCORA, MOVE, UOL&nbsp;<\/td><td>PROLOG, ASCORA&nbsp;<\/td><td>MOVE&nbsp;<\/td><td>ASCORA, PROLOG&nbsp;&nbsp;<\/td><\/tr><tr><td>Art. 17 or 18 Processing of requests for erasure or restriction of processing and Art. 19 Notification of the obligation to erase.&nbsp;<\/td><td>ASCORA&nbsp;<\/td><td>MOVE, UOL,&nbsp;&nbsp;<\/td><td>PROLOG, UOL,&nbsp;&nbsp;<\/td><td>UOL, MOVE, ASCORA,&nbsp;&nbsp;<\/td><td>ASCORA, PROLOG&nbsp;<\/td><\/tr><tr><td>Art. 20 Processing of requests for disclosure (data portability).&nbsp;<\/td><td>ASCORA&nbsp;<\/td><td>ASCORA, MOVE&nbsp;<\/td><td>ASCORA, PROLOG&nbsp;<\/td><td>MOVE&nbsp;<\/td><td>ASCORA, PROLOG&nbsp;<\/td><\/tr><tr><td>Art. 21 Processing of objections.&nbsp;<\/td><td>ASCORA&nbsp;<\/td><td>ASCORA&nbsp;<\/td><td>PROLOG , ASCORA,&nbsp;&nbsp;<\/td><td>PROLOG&nbsp;<\/td><td>ASCORA, PROLOG&nbsp;<\/td><\/tr><tr><td>Art. 24 Abs. 1 i.V. m. Art. 32 Festlegung der techn.-org. Ma\u00dfnahmen nach Risikoabsch\u00e4tzung und ggf. Datenschutzfolgeabsch\u00e4tzung (Art. 35) und Konsultation einer Aufsichtsbeh\u00f6rde\/ \u00dcbermittlung der notwendigen Informationen (Art. 36 (3)).&nbsp;<\/td><td>ASCORA&nbsp;<\/td><td>ASCORA&nbsp;<\/td><td>PROLOG&nbsp;<\/td><td>PROLOG&nbsp;<\/td><td>ASCORA, PROLOG&nbsp;<\/td><\/tr><tr><td>Art. 24 para. 1 Documentation of the selection of technical and organizational measures (as proof). measures (as proof).&nbsp;<\/td><td>ASCORA, PROLOG&nbsp;<\/td><td>ASCORA, MOVE&nbsp;<\/td><td>ASCORA, PROLOG&nbsp;<\/td><td>ASCORA, MOVE&nbsp;<\/td><td>ASCORA, PROLOG\u202f&nbsp;<\/td><\/tr><tr><td>Art. 24 para. 1 Review and update of measures.&nbsp;<\/td><td>ASCORA, PROLOG&nbsp;<\/td><td>ASCORA, MOVE&nbsp;<\/td><td>ASCORA, PROLOG&nbsp;<\/td><td>ASCORA, MOVE&nbsp;<\/td><td>ASCORA, PROLOG\u202f&nbsp;<\/td><\/tr><tr><td>Art. 26 Provision of the essence of the joint controllers&#8217; agreement.&nbsp;<\/td><td>ASCORA&nbsp;<\/td><td>ASCORA&nbsp;<\/td><td>ASCORA&nbsp;<\/td><td>ASCORA&nbsp;<\/td><td>\u202fASCORA&nbsp;<\/td><\/tr><tr><td>Art. 28 Involvement of processors or sub-processors and their review.&nbsp;<\/td><td>ASCORA&nbsp;<\/td><td>ASCORA, MOVE&nbsp;<\/td><td>ASCORA, PROLOG&nbsp;<\/td><td>ASCORA, PROLOG&nbsp;<\/td><td>ASCORA, PROLOG&nbsp;<\/td><\/tr><tr><td>Art. 30 Maintenance of the record of processing activities.&nbsp;<\/td><td>ASCORA&nbsp;<\/td><td>MOVE&nbsp;<\/td><td>ASCORA&nbsp;<\/td><td>MOVE&nbsp;<\/td><td>ASCORA, PROLOG&nbsp;<\/td><\/tr><tr><td>Art. 33, 34 Process for reportable data breaches.&nbsp;<\/td><td>ASCORA&nbsp;<\/td><td>ASCORA&nbsp;<\/td><td>ASCORA&nbsp;<\/td><td>ASCORA, PROLOG&nbsp;<\/td><td>ASCORA, PROLOG&nbsp;<\/td><\/tr><tr><td>Art. 37 Appointment of a data protection officer.&nbsp;<\/td><td>UOL, MOVE, ASCORA, PROLOG&nbsp;<\/td><td>UOL, MOVE, ASCORA&nbsp;<\/td><td>UOL, MOVE, ASCORA, PROLOG&nbsp;<\/td><td>UOL, MOVE, ASCORA,\u202fPROLOG&nbsp;<\/td><td>ASCORA, PROLOG&nbsp;<\/td><\/tr><\/tbody><\/table><\/figure>\n","protected":false},"excerpt":{"rendered":"<p>List of the responsible data protection officers Data Protection Officer Carl von Ossietzky University of Oldenburg (UOL): Ass. iur. Patrick R\u00fcscherPhone: 0441 798-4196E-mail: dsuni@uol.de Postal addressCarl von Ossietzky University of OldenburgThe Data Protection OfficerAmmerl\u00e4nder Heerstra\u00dfe 114-11826129 Oldenburg\u00a0 Data Protection Officer Universit\u00e4t zu L\u00fcbeck (MOVE):\u00a0\u00a0 x-tention Informationstechnologie GmbHMargot-Becke-Ring 3769124 HeidelbergPhone: +49 451 3101 1903E-mail: datenschutz@uni-luebeck.de\u00a0 Data&hellip; <br \/> <a class=\"read-more\" href=\"https:\/\/wp.laola-projekt.de\/?page_id=4883&#038;lang=en\">Read more<\/a><\/p>\n","protected":false},"author":1,"featured_media":0,"parent":0,"menu_order":0,"comment_status":"closed","ping_status":"closed","template":"","meta":{"footnotes":""},"class_list":["post-4883","page","type-page","status-publish","hentry"],"_links":{"self":[{"href":"https:\/\/wp.laola-projekt.de\/index.php?rest_route=\/wp\/v2\/pages\/4883","targetHints":{"allow":["GET"]}}],"collection":[{"href":"https:\/\/wp.laola-projekt.de\/index.php?rest_route=\/wp\/v2\/pages"}],"about":[{"href":"https:\/\/wp.laola-projekt.de\/index.php?rest_route=\/wp\/v2\/types\/page"}],"author":[{"embeddable":true,"href":"https:\/\/wp.laola-projekt.de\/index.php?rest_route=\/wp\/v2\/users\/1"}],"replies":[{"embeddable":true,"href":"https:\/\/wp.laola-projekt.de\/index.php?rest_route=%2Fwp%2Fv2%2Fcomments&post=4883"}],"version-history":[{"count":67,"href":"https:\/\/wp.laola-projekt.de\/index.php?rest_route=\/wp\/v2\/pages\/4883\/revisions"}],"predecessor-version":[{"id":5583,"href":"https:\/\/wp.laola-projekt.de\/index.php?rest_route=\/wp\/v2\/pages\/4883\/revisions\/5583"}],"wp:attachment":[{"href":"https:\/\/wp.laola-projekt.de\/index.php?rest_route=%2Fwp%2Fv2%2Fmedia&parent=4883"}],"curies":[{"name":"wp","href":"https:\/\/api.w.org\/{rel}","templated":true}]}}